{"id":2050,"date":"2024-06-26T16:34:19","date_gmt":"2024-06-26T16:34:19","guid":{"rendered":"https:\/\/dentyst.ro\/stomatologie-pediatrica\/"},"modified":"2025-11-14T12:55:45","modified_gmt":"2025-11-14T12:55:45","slug":"stomatologie-pediatrica","status":"publish","type":"page","link":"https:\/\/dentyst.ro\/ro\/stomatologie-pediatrica\/","title":{"rendered":"Stomatologie pediatric\u0103"},"content":{"rendered":"\n<p>S\u0103n\u0103tatea din\u021bilor copilului dumneavoastr\u0103 este preocuparea mea! \u00cei primesc chiar \u0219i pe cei mai mici copii cu r\u0103bdare \u0219i aten\u021bie \u00een cabinetul meu. De la prima vizit\u0103 la stomatologie p\u00e2n\u0103 la schimbarea din\u021bilor, am grij\u0103 de z\u00e2mbetul str\u0103lucitor al copilului dumneavoastr\u0103.  <\/p>\n","protected":false},"excerpt":{"rendered":"<p>S\u0103n\u0103tatea din\u021bilor copilului dumneavoastr\u0103 este preocuparea mea! \u00cei primesc chiar \u0219i pe cei mai mici copii cu r\u0103bdare \u0219i aten\u021bie \u00een cabinetul meu. De la prima vizit\u0103 la stomatologie p\u00e2n\u0103 la schimbarea din\u021bilor, am grij\u0103 de z\u00e2mbetul str\u0103lucitor al copilului dumneavoastr\u0103.<\/p>\n","protected":false},"author":1,"featured_media":0,"parent":0,"menu_order":0,"comment_status":"closed","ping_status":"closed","template":"template-parts\/template-full-width.php","meta":{"_joinchat":[],"footnotes":""},"class_list":["post-2050","page","type-page","status-publish","hentry"],"yoast_head":"<!-- This site is optimized with the Yoast SEO plugin v27.3 - https:\/\/yoast.com\/product\/yoast-seo-wordpress\/ -->\n<title>Stomatologie pediatric\u0103 - Dentyst<\/title>\n<meta name=\"robots\" content=\"index, follow, max-snippet:-1, max-image-preview:large, max-video-preview:-1\" \/>\n<link rel=\"canonical\" href=\"https:\/\/dentyst.ro\/gyermek-fogaszat\/\" \/>\n<meta property=\"og:locale\" content=\"ro_RO\" \/>\n<meta property=\"og:type\" content=\"article\" \/>\n<meta property=\"og:title\" content=\"Stomatologie pediatric\u0103 - Dentyst\" \/>\n<meta property=\"og:description\" content=\"S\u0103n\u0103tatea din\u021bilor copilului dumneavoastr\u0103 este preocuparea mea! \u00cei primesc chiar \u0219i pe cei mai mici copii cu r\u0103bdare \u0219i aten\u021bie \u00een cabinetul meu. De la prima vizit\u0103 la stomatologie p\u00e2n\u0103 la schimbarea din\u021bilor, am grij\u0103 de z\u00e2mbetul str\u0103lucitor al copilului dumneavoastr\u0103.\" \/>\n<meta property=\"og:url\" content=\"https:\/\/dentyst.ro\/gyermek-fogaszat\/\" \/>\n<meta property=\"og:site_name\" content=\"Dentyst\" \/>\n<meta property=\"article:modified_time\" content=\"2025-11-14T12:55:45+00:00\" \/>\n<meta property=\"og:image\" content=\"https:\/\/dentyst.ro\/wp-content\/uploads\/2024\/06\/LogoCS-e1719480724386.png\" \/>\n\t<meta property=\"og:image:width\" content=\"500\" \/>\n\t<meta property=\"og:image:height\" content=\"266\" \/>\n\t<meta property=\"og:image:type\" content=\"image\/png\" \/>\n<meta name=\"twitter:card\" content=\"summary_large_image\" \/>\n<script type=\"application\/ld+json\" class=\"yoast-schema-graph\">{\"@context\":\"https:\\\/\\\/schema.org\",\"@graph\":[{\"@type\":\"WebPage\",\"@id\":\"https:\\\/\\\/dentyst.ro\\\/gyermek-fogaszat\\\/\",\"url\":\"https:\\\/\\\/dentyst.ro\\\/gyermek-fogaszat\\\/\",\"name\":\"Stomatologie pediatric\u0103 - Dentyst\",\"isPartOf\":{\"@id\":\"https:\\\/\\\/dentyst.ro\\\/#website\"},\"datePublished\":\"2024-06-26T16:34:19+00:00\",\"dateModified\":\"2025-11-14T12:55:45+00:00\",\"breadcrumb\":{\"@id\":\"https:\\\/\\\/dentyst.ro\\\/gyermek-fogaszat\\\/#breadcrumb\"},\"inLanguage\":\"ro-RO\",\"potentialAction\":[{\"@type\":\"ReadAction\",\"target\":[\"https:\\\/\\\/dentyst.ro\\\/gyermek-fogaszat\\\/\"]}]},{\"@type\":\"BreadcrumbList\",\"@id\":\"https:\\\/\\\/dentyst.ro\\\/gyermek-fogaszat\\\/#breadcrumb\",\"itemListElement\":[{\"@type\":\"ListItem\",\"position\":1,\"name\":\"Home\",\"item\":\"https:\\\/\\\/dentyst.ro\\\/\"},{\"@type\":\"ListItem\",\"position\":2,\"name\":\"Stomatologie pediatric\u0103\"}]},{\"@type\":\"WebSite\",\"@id\":\"https:\\\/\\\/dentyst.ro\\\/#website\",\"url\":\"https:\\\/\\\/dentyst.ro\\\/\",\"name\":\"Dentyst\",\"description\":\"Dr. N\u00e9meti Orsolya Edina medic dentist \\\/ fogorvos\",\"publisher\":{\"@id\":\"https:\\\/\\\/dentyst.ro\\\/#\\\/schema\\\/person\\\/f10533aeda451cbc6f6545f66890f6ee\"},\"potentialAction\":[{\"@type\":\"SearchAction\",\"target\":{\"@type\":\"EntryPoint\",\"urlTemplate\":\"https:\\\/\\\/dentyst.ro\\\/?s={search_term_string}\"},\"query-input\":{\"@type\":\"PropertyValueSpecification\",\"valueRequired\":true,\"valueName\":\"search_term_string\"}}],\"inLanguage\":\"ro-RO\"},{\"@type\":[\"Person\",\"Organization\"],\"@id\":\"https:\\\/\\\/dentyst.ro\\\/#\\\/schema\\\/person\\\/f10533aeda451cbc6f6545f66890f6ee\",\"name\":\"Dr Nemeti Orsolya Edina\",\"image\":{\"@type\":\"ImageObject\",\"inLanguage\":\"ro-RO\",\"@id\":\"https:\\\/\\\/dentyst.ro\\\/wp-content\\\/uploads\\\/2025\\\/11\\\/Dr.-Nemeti_Orsolya_medic_dentist.png\",\"url\":\"https:\\\/\\\/dentyst.ro\\\/wp-content\\\/uploads\\\/2025\\\/11\\\/Dr.-Nemeti_Orsolya_medic_dentist.png\",\"contentUrl\":\"https:\\\/\\\/dentyst.ro\\\/wp-content\\\/uploads\\\/2025\\\/11\\\/Dr.-Nemeti_Orsolya_medic_dentist.png\",\"width\":349,\"height\":504,\"caption\":\"Dr Nemeti Orsolya Edina\"},\"logo\":{\"@id\":\"https:\\\/\\\/dentyst.ro\\\/wp-content\\\/uploads\\\/2025\\\/11\\\/Dr.-Nemeti_Orsolya_medic_dentist.png\"}}]}<\/script>\n<!-- \/ Yoast SEO plugin. -->","yoast_head_json":{"title":"Stomatologie pediatric\u0103 - Dentyst","robots":{"index":"index","follow":"follow","max-snippet":"max-snippet:-1","max-image-preview":"max-image-preview:large","max-video-preview":"max-video-preview:-1"},"canonical":"https:\/\/dentyst.ro\/gyermek-fogaszat\/","og_locale":"ro_RO","og_type":"article","og_title":"Stomatologie pediatric\u0103 - Dentyst","og_description":"S\u0103n\u0103tatea din\u021bilor copilului dumneavoastr\u0103 este preocuparea mea! \u00cei primesc chiar \u0219i pe cei mai mici copii cu r\u0103bdare \u0219i aten\u021bie \u00een cabinetul meu. De la prima vizit\u0103 la stomatologie p\u00e2n\u0103 la schimbarea din\u021bilor, am grij\u0103 de z\u00e2mbetul str\u0103lucitor al copilului dumneavoastr\u0103.","og_url":"https:\/\/dentyst.ro\/gyermek-fogaszat\/","og_site_name":"Dentyst","article_modified_time":"2025-11-14T12:55:45+00:00","og_image":[{"width":500,"height":266,"url":"https:\/\/dentyst.ro\/wp-content\/uploads\/2024\/06\/LogoCS-e1719480724386.png","type":"image\/png"}],"twitter_card":"summary_large_image","schema":{"@context":"https:\/\/schema.org","@graph":[{"@type":"WebPage","@id":"https:\/\/dentyst.ro\/gyermek-fogaszat\/","url":"https:\/\/dentyst.ro\/gyermek-fogaszat\/","name":"Stomatologie pediatric\u0103 - Dentyst","isPartOf":{"@id":"https:\/\/dentyst.ro\/#website"},"datePublished":"2024-06-26T16:34:19+00:00","dateModified":"2025-11-14T12:55:45+00:00","breadcrumb":{"@id":"https:\/\/dentyst.ro\/gyermek-fogaszat\/#breadcrumb"},"inLanguage":"ro-RO","potentialAction":[{"@type":"ReadAction","target":["https:\/\/dentyst.ro\/gyermek-fogaszat\/"]}]},{"@type":"BreadcrumbList","@id":"https:\/\/dentyst.ro\/gyermek-fogaszat\/#breadcrumb","itemListElement":[{"@type":"ListItem","position":1,"name":"Home","item":"https:\/\/dentyst.ro\/"},{"@type":"ListItem","position":2,"name":"Stomatologie pediatric\u0103"}]},{"@type":"WebSite","@id":"https:\/\/dentyst.ro\/#website","url":"https:\/\/dentyst.ro\/","name":"Dentyst","description":"Dr. N\u00e9meti Orsolya Edina medic dentist \/ fogorvos","publisher":{"@id":"https:\/\/dentyst.ro\/#\/schema\/person\/f10533aeda451cbc6f6545f66890f6ee"},"potentialAction":[{"@type":"SearchAction","target":{"@type":"EntryPoint","urlTemplate":"https:\/\/dentyst.ro\/?s={search_term_string}"},"query-input":{"@type":"PropertyValueSpecification","valueRequired":true,"valueName":"search_term_string"}}],"inLanguage":"ro-RO"},{"@type":["Person","Organization"],"@id":"https:\/\/dentyst.ro\/#\/schema\/person\/f10533aeda451cbc6f6545f66890f6ee","name":"Dr Nemeti Orsolya Edina","image":{"@type":"ImageObject","inLanguage":"ro-RO","@id":"https:\/\/dentyst.ro\/wp-content\/uploads\/2025\/11\/Dr.-Nemeti_Orsolya_medic_dentist.png","url":"https:\/\/dentyst.ro\/wp-content\/uploads\/2025\/11\/Dr.-Nemeti_Orsolya_medic_dentist.png","contentUrl":"https:\/\/dentyst.ro\/wp-content\/uploads\/2025\/11\/Dr.-Nemeti_Orsolya_medic_dentist.png","width":349,"height":504,"caption":"Dr Nemeti Orsolya Edina"},"logo":{"@id":"https:\/\/dentyst.ro\/wp-content\/uploads\/2025\/11\/Dr.-Nemeti_Orsolya_medic_dentist.png"}}]}},"_links":{"self":[{"href":"https:\/\/dentyst.ro\/ro\/wp-json\/wp\/v2\/pages\/2050","targetHints":{"allow":["GET"]}}],"collection":[{"href":"https:\/\/dentyst.ro\/ro\/wp-json\/wp\/v2\/pages"}],"about":[{"href":"https:\/\/dentyst.ro\/ro\/wp-json\/wp\/v2\/types\/page"}],"author":[{"embeddable":true,"href":"https:\/\/dentyst.ro\/ro\/wp-json\/wp\/v2\/users\/1"}],"replies":[{"embeddable":true,"href":"https:\/\/dentyst.ro\/ro\/wp-json\/wp\/v2\/comments?post=2050"}],"version-history":[{"count":0,"href":"https:\/\/dentyst.ro\/ro\/wp-json\/wp\/v2\/pages\/2050\/revisions"}],"wp:attachment":[{"href":"https:\/\/dentyst.ro\/ro\/wp-json\/wp\/v2\/media?parent=2050"}],"curies":[{"name":"wp","href":"https:\/\/api.w.org\/{rel}","templated":true}]}}