{"id":2083,"date":"2018-06-14T18:14:48","date_gmt":"2018-06-14T18:14:48","guid":{"rendered":"https:\/\/dentyst.ro\/?page_id=2083"},"modified":"2026-01-20T15:40:14","modified_gmt":"2026-01-20T15:40:14","slug":"galerie","status":"publish","type":"page","link":"https:\/\/dentyst.ro\/ro\/galerie\/","title":{"rendered":"Galerie"},"content":{"rendered":"<div class=\"photobooth\"><div class=\"row threecol portfoliowrap\"><div class=\"portfolio\"><div class=\"entry \">\r\n\t\t\t\t\t\t<div class=\"holderwrap\">\r\n\t\t\t\t\t\t  <figure class=\"effect-bubba\"> \r\n\t\t\t\t\t\t  \t<a href=\"https:\/\/dentyst.ro\/wp-content\/uploads\/2026\/01\/inainte_si_dupa.png\" data-rel=\"prettyPhoto[bkpGallery]\">\r\n\t\t\t\t\t\t\t <img decoding=\"async\" src=\"https:\/\/dentyst.ro\/wp-content\/uploads\/2026\/01\/inainte_si_dupa.png\"\/>\r\n\t\t\t\t\t\t\t <h5>\u00cenainte \/ dup\u0103 din\u021bi<\/h5>\r\n\t\t\t\t\t\t\t <figcaption><\/figcaption>\r\n\t\t\t\t\t\t\t<\/a>\t\r\n\t\t\t\t\t\t\t<\/figure>\t\t\t\t\t\t\t\t\t\t\t\t\t\r\n\t\t\t\t\t\t<\/div>\r\n\t\t\t\t\t<\/div><div class=\"entry \">\r\n\t\t\t\t\t\t<div class=\"holderwrap\">\r\n\t\t\t\t\t\t  <figure class=\"effect-bubba\"> \r\n\t\t\t\t\t\t  \t<a href=\"https:\/\/dentyst.ro\/wp-content\/uploads\/2026\/01\/inainte_dupa_femeie.png\" data-rel=\"prettyPhoto[bkpGallery]\">\r\n\t\t\t\t\t\t\t <img decoding=\"async\" src=\"https:\/\/dentyst.ro\/wp-content\/uploads\/2026\/01\/inainte_dupa_femeie.png\"\/>\r\n\t\t\t\t\t\t\t <h5>\u00cenainte \/ dup\u0103<\/h5>\r\n\t\t\t\t\t\t\t <figcaption><\/figcaption>\r\n\t\t\t\t\t\t\t<\/a>\t\r\n\t\t\t\t\t\t\t<\/figure>\t\t\t\t\t\t\t\t\t\t\t\t\t\r\n\t\t\t\t\t\t<\/div>\r\n\t\t\t\t\t<\/div><div class=\"entry \">\r\n\t\t\t\t\t\t<div class=\"holderwrap\">\r\n\t\t\t\t\t\t  <figure class=\"effect-bubba\"> \r\n\t\t\t\t\t\t  \t<a href=\"https:\/\/dentyst.ro\/wp-content\/uploads\/2026\/01\/inainte_dupa_dinti.png\" data-rel=\"prettyPhoto[bkpGallery]\">\r\n\t\t\t\t\t\t\t <img decoding=\"async\" src=\"https:\/\/dentyst.ro\/wp-content\/uploads\/2026\/01\/inainte_dupa_dinti.png\"\/>\r\n\t\t\t\t\t\t\t <h5>Din\u021bi \u00eenainte \/ dup\u0103<\/h5>\r\n\t\t\t\t\t\t\t <figcaption><\/figcaption>\r\n\t\t\t\t\t\t\t<\/a>\t\r\n\t\t\t\t\t\t\t<\/figure>\t\t\t\t\t\t\t\t\t\t\t\t\t\r\n\t\t\t\t\t\t<\/div>\r\n\t\t\t\t\t<\/div><div class=\"entry \">\r\n\t\t\t\t\t\t<div class=\"holderwrap\">\r\n\t\t\t\t\t\t  <figure class=\"effect-bubba\"> \r\n\t\t\t\t\t\t  \t<a href=\"https:\/\/dentyst.ro\/wp-content\/uploads\/2026\/01\/inainte_dupa_barbat.png\" data-rel=\"prettyPhoto[bkpGallery]\">\r\n\t\t\t\t\t\t\t <img decoding=\"async\" src=\"https:\/\/dentyst.ro\/wp-content\/uploads\/2026\/01\/inainte_dupa_barbat.png\"\/>\r\n\t\t\t\t\t\t\t <h5>Din\u021bi<\/h5>\r\n\t\t\t\t\t\t\t <figcaption><\/figcaption>\r\n\t\t\t\t\t\t\t<\/a>\t\r\n\t\t\t\t\t\t\t<\/figure>\t\t\t\t\t\t\t\t\t\t\t\t\t\r\n\t\t\t\t\t\t<\/div>\r\n\t\t\t\t\t<\/div><div class=\"entry \">\r\n\t\t\t\t\t\t<div class=\"holderwrap\">\r\n\t\t\t\t\t\t  <figure class=\"effect-bubba\"> \r\n\t\t\t\t\t\t  \t<a href=\"https:\/\/dentyst.ro\/wp-content\/uploads\/2026\/01\/inainte_dupa_albire.png\" data-rel=\"prettyPhoto[bkpGallery]\">\r\n\t\t\t\t\t\t\t <img decoding=\"async\" src=\"https:\/\/dentyst.ro\/wp-content\/uploads\/2026\/01\/inainte_dupa_albire.png\"\/>\r\n\t\t\t\t\t\t\t <h5>Albire \u00eenaite &#8211; dup\u0103<\/h5>\r\n\t\t\t\t\t\t\t <figcaption><\/figcaption>\r\n\t\t\t\t\t\t\t<\/a>\t\r\n\t\t\t\t\t\t\t<\/figure>\t\t\t\t\t\t\t\t\t\t\t\t\t\r\n\t\t\t\t\t\t<\/div>\r\n\t\t\t\t\t<\/div><div class=\"entry \">\r\n\t\t\t\t\t\t<div class=\"holderwrap\">\r\n\t\t\t\t\t\t  <figure class=\"effect-bubba\"> \r\n\t\t\t\t\t\t  \t<a href=\"https:\/\/dentyst.ro\/wp-content\/uploads\/2026\/01\/albire_inainte_dupa.png\" data-rel=\"prettyPhoto[bkpGallery]\">\r\n\t\t\t\t\t\t\t <img decoding=\"async\" src=\"https:\/\/dentyst.ro\/wp-content\/uploads\/2026\/01\/albire_inainte_dupa.png\"\/>\r\n\t\t\t\t\t\t\t <h5>Albire<\/h5>\r\n\t\t\t\t\t\t\t <figcaption><\/figcaption>\r\n\t\t\t\t\t\t\t<\/a>\t\r\n\t\t\t\t\t\t\t<\/figure>\t\t\t\t\t\t\t\t\t\t\t\t\t\r\n\t\t\t\t\t\t<\/div>\r\n\t\t\t\t\t<\/div><div class=\"entry \">\r\n\t\t\t\t\t\t<div class=\"holderwrap\">\r\n\t\t\t\t\t\t  <figure class=\"effect-bubba\"> \r\n\t\t\t\t\t\t  \t<a href=\"https:\/\/dentyst.ro\/wp-content\/uploads\/2026\/01\/fogfeherites_elotte_utana.png\" data-rel=\"prettyPhoto[bkpGallery]\">\r\n\t\t\t\t\t\t\t <img decoding=\"async\" src=\"https:\/\/dentyst.ro\/wp-content\/uploads\/2026\/01\/fogfeherites_elotte_utana.png\"\/>\r\n\t\t\t\t\t\t\t <h5>Fogfeh\u00e9r\u00edt\u00e9ses<\/h5>\r\n\t\t\t\t\t\t\t <figcaption><\/figcaption>\r\n\t\t\t\t\t\t\t<\/a>\t\r\n\t\t\t\t\t\t\t<\/figure>\t\t\t\t\t\t\t\t\t\t\t\t\t\r\n\t\t\t\t\t\t<\/div>\r\n\t\t\t\t\t<\/div><div class=\"entry \">\r\n\t\t\t\t\t\t<div class=\"holderwrap\">\r\n\t\t\t\t\t\t  <figure class=\"effect-bubba\"> \r\n\t\t\t\t\t\t  \t<a href=\"https:\/\/dentyst.ro\/wp-content\/uploads\/2026\/01\/elotte_utana_no.png\" data-rel=\"prettyPhoto[bkpGallery]\">\r\n\t\t\t\t\t\t\t <img decoding=\"async\" src=\"https:\/\/dentyst.ro\/wp-content\/uploads\/2026\/01\/elotte_utana_no.png\"\/>\r\n\t\t\t\t\t\t\t <h5>\u00daj fogak.<\/h5>\r\n\t\t\t\t\t\t\t <figcaption><\/figcaption>\r\n\t\t\t\t\t\t\t<\/a>\t\r\n\t\t\t\t\t\t\t<\/figure>\t\t\t\t\t\t\t\t\t\t\t\t\t\r\n\t\t\t\t\t\t<\/div>\r\n\t\t\t\t\t<\/div><div class=\"entry \">\r\n\t\t\t\t\t\t<div class=\"holderwrap\">\r\n\t\t\t\t\t\t  <figure class=\"effect-bubba\"> \r\n\t\t\t\t\t\t  \t<a href=\"https:\/\/dentyst.ro\/wp-content\/uploads\/2026\/01\/elotte_utana_fogpotlast.png\" data-rel=\"prettyPhoto[bkpGallery]\">\r\n\t\t\t\t\t\t\t <img decoding=\"async\" src=\"https:\/\/dentyst.ro\/wp-content\/uploads\/2026\/01\/elotte_utana_fogpotlast.png\"\/>\r\n\t\t\t\t\t\t\t <h5>Kieg\u00e9sz\u00edt\u00e9s<\/h5>\r\n\t\t\t\t\t\t\t <figcaption><\/figcaption>\r\n\t\t\t\t\t\t\t<\/a>\t\r\n\t\t\t\t\t\t\t<\/figure>\t\t\t\t\t\t\t\t\t\t\t\t\t\r\n\t\t\t\t\t\t<\/div>\r\n\t\t\t\t\t<\/div><\/div><\/div><\/div>\n\n\n\n<p><\/p>\n","protected":false},"excerpt":{"rendered":"","protected":false},"author":1,"featured_media":0,"parent":0,"menu_order":0,"comment_status":"closed","ping_status":"closed","template":"template-parts\/template-full-width.php","meta":{"_joinchat":[],"footnotes":""},"class_list":["post-2083","page","type-page","status-publish","hentry"],"yoast_head":"<!-- This site is optimized with the Yoast SEO plugin v27.3 - https:\/\/yoast.com\/product\/yoast-seo-wordpress\/ -->\n<title>Galerie - Dentyst<\/title>\n<meta name=\"robots\" content=\"index, follow, max-snippet:-1, max-image-preview:large, max-video-preview:-1\" \/>\n<link rel=\"canonical\" href=\"https:\/\/dentyst.ro\/ro\/galerie\/\" \/>\n<meta property=\"og:locale\" content=\"ro_RO\" \/>\n<meta property=\"og:type\" content=\"article\" \/>\n<meta property=\"og:title\" content=\"Galerie - Dentyst\" \/>\n<meta property=\"og:url\" content=\"https:\/\/dentyst.ro\/ro\/galerie\/\" \/>\n<meta property=\"og:site_name\" content=\"Dentyst\" \/>\n<meta property=\"article:modified_time\" content=\"2026-01-20T15:40:14+00:00\" \/>\n<meta property=\"og:image\" content=\"https:\/\/dentyst.ro\/wp-content\/uploads\/2024\/06\/LogoCS-e1719480724386.png\" \/>\n\t<meta property=\"og:image:width\" content=\"500\" \/>\n\t<meta property=\"og:image:height\" content=\"266\" \/>\n\t<meta property=\"og:image:type\" content=\"image\/png\" \/>\n<meta name=\"twitter:card\" content=\"summary_large_image\" \/>\n<meta name=\"twitter:label1\" content=\"Timp estimat pentru citire\" \/>\n\t<meta name=\"twitter:data1\" content=\"1 minut\" \/>\n<script type=\"application\/ld+json\" class=\"yoast-schema-graph\">{\"@context\":\"https:\\\/\\\/schema.org\",\"@graph\":[{\"@type\":\"WebPage\",\"@id\":\"https:\\\/\\\/dentyst.ro\\\/ro\\\/galerie\\\/\",\"url\":\"https:\\\/\\\/dentyst.ro\\\/ro\\\/galerie\\\/\",\"name\":\"Galerie - Dentyst\",\"isPartOf\":{\"@id\":\"https:\\\/\\\/dentyst.ro\\\/#website\"},\"datePublished\":\"2018-06-14T18:14:48+00:00\",\"dateModified\":\"2026-01-20T15:40:14+00:00\",\"breadcrumb\":{\"@id\":\"https:\\\/\\\/dentyst.ro\\\/ro\\\/galerie\\\/#breadcrumb\"},\"inLanguage\":\"ro-RO\",\"potentialAction\":[{\"@type\":\"ReadAction\",\"target\":[\"https:\\\/\\\/dentyst.ro\\\/ro\\\/galerie\\\/\"]}]},{\"@type\":\"BreadcrumbList\",\"@id\":\"https:\\\/\\\/dentyst.ro\\\/ro\\\/galerie\\\/#breadcrumb\",\"itemListElement\":[{\"@type\":\"ListItem\",\"position\":1,\"name\":\"Home\",\"item\":\"https:\\\/\\\/dentyst.ro\\\/\"},{\"@type\":\"ListItem\",\"position\":2,\"name\":\"Galerie\"}]},{\"@type\":\"WebSite\",\"@id\":\"https:\\\/\\\/dentyst.ro\\\/#website\",\"url\":\"https:\\\/\\\/dentyst.ro\\\/\",\"name\":\"Dentyst\",\"description\":\"Dr. N\u00e9meti Orsolya Edina medic dentist \\\/ fogorvos\",\"publisher\":{\"@id\":\"https:\\\/\\\/dentyst.ro\\\/#\\\/schema\\\/person\\\/f10533aeda451cbc6f6545f66890f6ee\"},\"potentialAction\":[{\"@type\":\"SearchAction\",\"target\":{\"@type\":\"EntryPoint\",\"urlTemplate\":\"https:\\\/\\\/dentyst.ro\\\/?s={search_term_string}\"},\"query-input\":{\"@type\":\"PropertyValueSpecification\",\"valueRequired\":true,\"valueName\":\"search_term_string\"}}],\"inLanguage\":\"ro-RO\"},{\"@type\":[\"Person\",\"Organization\"],\"@id\":\"https:\\\/\\\/dentyst.ro\\\/#\\\/schema\\\/person\\\/f10533aeda451cbc6f6545f66890f6ee\",\"name\":\"Dr Nemeti Orsolya Edina\",\"image\":{\"@type\":\"ImageObject\",\"inLanguage\":\"ro-RO\",\"@id\":\"https:\\\/\\\/dentyst.ro\\\/wp-content\\\/uploads\\\/2025\\\/11\\\/Dr.-Nemeti_Orsolya_medic_dentist.png\",\"url\":\"https:\\\/\\\/dentyst.ro\\\/wp-content\\\/uploads\\\/2025\\\/11\\\/Dr.-Nemeti_Orsolya_medic_dentist.png\",\"contentUrl\":\"https:\\\/\\\/dentyst.ro\\\/wp-content\\\/uploads\\\/2025\\\/11\\\/Dr.-Nemeti_Orsolya_medic_dentist.png\",\"width\":349,\"height\":504,\"caption\":\"Dr Nemeti Orsolya Edina\"},\"logo\":{\"@id\":\"https:\\\/\\\/dentyst.ro\\\/wp-content\\\/uploads\\\/2025\\\/11\\\/Dr.-Nemeti_Orsolya_medic_dentist.png\"}}]}<\/script>\n<!-- \/ Yoast SEO plugin. -->","yoast_head_json":{"title":"Galerie - Dentyst","robots":{"index":"index","follow":"follow","max-snippet":"max-snippet:-1","max-image-preview":"max-image-preview:large","max-video-preview":"max-video-preview:-1"},"canonical":"https:\/\/dentyst.ro\/ro\/galerie\/","og_locale":"ro_RO","og_type":"article","og_title":"Galerie - Dentyst","og_url":"https:\/\/dentyst.ro\/ro\/galerie\/","og_site_name":"Dentyst","article_modified_time":"2026-01-20T15:40:14+00:00","og_image":[{"width":500,"height":266,"url":"https:\/\/dentyst.ro\/wp-content\/uploads\/2024\/06\/LogoCS-e1719480724386.png","type":"image\/png"}],"twitter_card":"summary_large_image","twitter_misc":{"Timp estimat pentru citire":"1 minut"},"schema":{"@context":"https:\/\/schema.org","@graph":[{"@type":"WebPage","@id":"https:\/\/dentyst.ro\/ro\/galerie\/","url":"https:\/\/dentyst.ro\/ro\/galerie\/","name":"Galerie - Dentyst","isPartOf":{"@id":"https:\/\/dentyst.ro\/#website"},"datePublished":"2018-06-14T18:14:48+00:00","dateModified":"2026-01-20T15:40:14+00:00","breadcrumb":{"@id":"https:\/\/dentyst.ro\/ro\/galerie\/#breadcrumb"},"inLanguage":"ro-RO","potentialAction":[{"@type":"ReadAction","target":["https:\/\/dentyst.ro\/ro\/galerie\/"]}]},{"@type":"BreadcrumbList","@id":"https:\/\/dentyst.ro\/ro\/galerie\/#breadcrumb","itemListElement":[{"@type":"ListItem","position":1,"name":"Home","item":"https:\/\/dentyst.ro\/"},{"@type":"ListItem","position":2,"name":"Galerie"}]},{"@type":"WebSite","@id":"https:\/\/dentyst.ro\/#website","url":"https:\/\/dentyst.ro\/","name":"Dentyst","description":"Dr. N\u00e9meti Orsolya Edina medic dentist \/ fogorvos","publisher":{"@id":"https:\/\/dentyst.ro\/#\/schema\/person\/f10533aeda451cbc6f6545f66890f6ee"},"potentialAction":[{"@type":"SearchAction","target":{"@type":"EntryPoint","urlTemplate":"https:\/\/dentyst.ro\/?s={search_term_string}"},"query-input":{"@type":"PropertyValueSpecification","valueRequired":true,"valueName":"search_term_string"}}],"inLanguage":"ro-RO"},{"@type":["Person","Organization"],"@id":"https:\/\/dentyst.ro\/#\/schema\/person\/f10533aeda451cbc6f6545f66890f6ee","name":"Dr Nemeti Orsolya Edina","image":{"@type":"ImageObject","inLanguage":"ro-RO","@id":"https:\/\/dentyst.ro\/wp-content\/uploads\/2025\/11\/Dr.-Nemeti_Orsolya_medic_dentist.png","url":"https:\/\/dentyst.ro\/wp-content\/uploads\/2025\/11\/Dr.-Nemeti_Orsolya_medic_dentist.png","contentUrl":"https:\/\/dentyst.ro\/wp-content\/uploads\/2025\/11\/Dr.-Nemeti_Orsolya_medic_dentist.png","width":349,"height":504,"caption":"Dr Nemeti Orsolya Edina"},"logo":{"@id":"https:\/\/dentyst.ro\/wp-content\/uploads\/2025\/11\/Dr.-Nemeti_Orsolya_medic_dentist.png"}}]}},"_links":{"self":[{"href":"https:\/\/dentyst.ro\/ro\/wp-json\/wp\/v2\/pages\/2083","targetHints":{"allow":["GET"]}}],"collection":[{"href":"https:\/\/dentyst.ro\/ro\/wp-json\/wp\/v2\/pages"}],"about":[{"href":"https:\/\/dentyst.ro\/ro\/wp-json\/wp\/v2\/types\/page"}],"author":[{"embeddable":true,"href":"https:\/\/dentyst.ro\/ro\/wp-json\/wp\/v2\/users\/1"}],"replies":[{"embeddable":true,"href":"https:\/\/dentyst.ro\/ro\/wp-json\/wp\/v2\/comments?post=2083"}],"version-history":[{"count":3,"href":"https:\/\/dentyst.ro\/ro\/wp-json\/wp\/v2\/pages\/2083\/revisions"}],"predecessor-version":[{"id":2121,"href":"https:\/\/dentyst.ro\/ro\/wp-json\/wp\/v2\/pages\/2083\/revisions\/2121"}],"wp:attachment":[{"href":"https:\/\/dentyst.ro\/ro\/wp-json\/wp\/v2\/media?parent=2083"}],"curies":[{"name":"wp","href":"https:\/\/api.w.org\/{rel}","templated":true}]}}