{"id":2087,"date":"2019-06-14T04:56:10","date_gmt":"2019-06-14T04:56:10","guid":{"rendered":"https:\/\/dentyst.ro\/?page_id=2087"},"modified":"2026-01-20T12:48:14","modified_gmt":"2026-01-20T12:48:14","slug":"recenzii","status":"publish","type":"page","link":"https:\/\/dentyst.ro\/ro\/recenzii\/","title":{"rendered":"Recenzii"},"content":{"rendered":"<div id=\"Tmnllist\">\r\n\t\t\t    <div class=\"tmnllisting\">\r\n\t\t\t \t<div class=\"tmnlthumb\"><a href=\"https:\/\/dentyst.ro\/ro\/testimonials\/david-p\/\"><img decoding=\"async\" src=\"https:\/\/dentyst.ro\/wp-content\/uploads\/2026\/02\/pasi.png\" alt=\" \" \/><\/a><\/div>\r\n\t\t\t\t <h6><a href=\"https:\/\/dentyst.ro\/ro\/testimonials\/david-p\/\">David P.<\/a><\/h6>\t\r\n\t\t\t\t <span>pacient<\/span>\r\n\t\t\t\t <p>Am am\u00e2nat mult timp s\u0103-mi pun proteze dentare pentru c\u0103 mi-era team\u0103 c\u0103 z\u00e2mbetul meu nu va ar\u0103ta natural. Doctorul mi-a recomandat coroane de zirconiu, iar rezultatul a dep\u0103\u0219it toate a\u0219tept\u0103rile! Nimeni nu a spus c\u0103 nu sunt din\u021bii mei. Este precis\u0103, r\u0103bd\u0103toare \u0219i are un ochi incredibil de bun pentru estetic\u0103. Mul\u021bumesc pentru noua mea \u00eencredere!<\/p>\t\t\t\t\r\n\t\t\t\t<\/div>\t\r\n\t\t\t    <div class=\"tmnllisting\">\r\n\t\t\t \t<div class=\"tmnlthumb\"><a href=\"https:\/\/dentyst.ro\/ro\/testimonials\/david-p\/\"><img decoding=\"async\" src=\"https:\/\/dentyst.ro\/wp-content\/uploads\/2026\/02\/pasi.png\" alt=\" \" \/><\/a><\/div>\r\n\t\t\t\t <h6><a href=\"https:\/\/dentyst.ro\/ro\/testimonials\/david-p\/\">David P.<\/a><\/h6>\t\r\n\t\t\t\t <span>paciet<\/span>\r\n\t\t\t\t <p>Sok\u00e1ig halogattam a fogp\u00f3tl\u00e1st, mert f\u00e9ltem, hogy nem lesz term\u00e9szetes a mosolyom. Doktorn\u0151 cirk\u00f3nium koron\u00e1kat javasolt, \u00e9s az eredm\u00e9ny minden v\u00e1rakoz\u00e1somat fel\u00fclm\u00falta! Senki meg nem mondan\u00e1, hogy nem a saj\u00e1t fogaim. Prec\u00edz, t\u00fcrelmes \u00e9s hihetetlen\u00fcl j\u00f3 szeme van az eszt\u00e9tik\u00e1hoz. K\u00f6sz\u00f6n\u00f6m az \u00faj \u00f6nbizalmamat!<\/p>\t\t\t\t\r\n\t\t\t\t<\/div>\t\r\n\t\t\t    <div class=\"tmnllisting\">\r\n\t\t\t \t<div class=\"tmnlthumb\"><a href=\"https:\/\/dentyst.ro\/ro\/testimonials\/reka-t\/\"><img decoding=\"async\" src=\"https:\/\/dentyst.ro\/wp-content\/uploads\/2026\/02\/reka.png\" alt=\" \" \/><\/a><\/div>\r\n\t\t\t\t <h6><a href=\"https:\/\/dentyst.ro\/ro\/testimonials\/reka-t\/\">R\u00e9ka T.<\/a><\/h6>\t\r\n\t\t\t\t <span>pacient<\/span>\r\n\t\t\t\t <p>Nu pot dec\u00e2t s\u0103 o recomand pe doamna doctor! Este foarte priceput\u0103 \u0219i minu\u021bioas\u0103 \u00een munca sa. Tratamentul a fost absolut nedureros, o recomand cu toat\u0103 inima \ud83e\ude77<\/p>\t\t\t\t\r\n\t\t\t\t<\/div>\t\r\n\t\t\t    <div class=\"tmnllisting\">\r\n\t\t\t \t<div class=\"tmnlthumb\"><a href=\"https:\/\/dentyst.ro\/ro\/testimonials\/reka-t\/\"><img decoding=\"async\" src=\"https:\/\/dentyst.ro\/wp-content\/uploads\/2026\/02\/reka.png\" alt=\" \" \/><\/a><\/div>\r\n\t\t\t\t <h6><a href=\"https:\/\/dentyst.ro\/ro\/testimonials\/reka-t\/\">R\u00e9ka T.<\/a><\/h6>\t\r\n\t\t\t\t <span>p\u00e1ciens<\/span>\r\n\t\t\t\t <p>Csak aj\u00e1nlani tudom a doktor n\u0151t! Nagyon \u00fcgyes \u00e9s alapos a munk\u00e1j\u00e1ban. Abszol\u00fat nem f\u00e1jt a kezel\u00e9s, sz\u00edvb\u0151l tudom aj\u00e1nlani \ud83e\ude77<\/p>\t\t\t\t\r\n\t\t\t\t<\/div>\t\r\n\t\t\t    <div class=\"tmnllisting\">\r\n\t\t\t \t<div class=\"tmnlthumb\"><a href=\"https:\/\/dentyst.ro\/ro\/testimonials\/csilla-g\/\"><img decoding=\"async\" src=\"https:\/\/dentyst.ro\/wp-content\/uploads\/2026\/01\/Csilla.png\" alt=\" \" \/><\/a><\/div>\r\n\t\t\t\t <h6><a href=\"https:\/\/dentyst.ro\/ro\/testimonials\/csilla-g\/\">Csilla G.<\/a><\/h6>\t\r\n\t\t\t\t <span>pacient<\/span>\r\n\t\t\t\t <p>\u00cenc\u0103 din copil\u0103rie \u00eemi era fric\u0103 de stomatolog, dar la Dr. Nemeti Orsolya acest lucru s-a schimbat complet. A fost incredibil de r\u0103bd\u0103toare, mi-a explicat fiecare pas \u0219i, cel mai important: nu am sim\u021bit nicio durere \u00een timpul tratamentului. Doamna doctor este \u0219i medicul familiei noastre. Datorit\u0103 profesionalismului \u0219i amabilit\u0103\u021bii sale, \u0219i copiii vin cu drag la controalele periodice, deoarece ne dorim ca din\u021bii lor s\u0103 r\u0103m\u00e2n\u0103 s\u0103n\u0103to\u0219i pe termen lung. Un mare avantaj este c\u0103 toate acestea sunt gratuite, \u00eentruc\u00e2t doamna doctor are contract cu CAS.\u201d<\/p>\t\t\t\t\r\n\t\t\t\t<\/div>\t\r\n\t\t\t    <div class=\"tmnllisting\">\r\n\t\t\t \t<div class=\"tmnlthumb\"><a href=\"https:\/\/dentyst.ro\/ro\/testimonials\/g-csilla\/\"><img decoding=\"async\" src=\"https:\/\/dentyst.ro\/wp-content\/uploads\/2026\/01\/Csilla.png\" alt=\" \" \/><\/a><\/div>\r\n\t\t\t\t <h6><a href=\"https:\/\/dentyst.ro\/ro\/testimonials\/g-csilla\/\">G. Csilla<\/a><\/h6>\t\r\n\t\t\t\t <span>p\u00e1ciens<\/span>\r\n\t\t\t\t <p>Gyerekkorom \u00f3ta rettegtem a fogorvost\u00f3l, de Dr. Nemeti Orsoly\u00e1n\u00e1l ez teljesen megv\u00e1ltozott. Hihetetlen\u00fcl t\u00fcrelmes volt, minden l\u00e9p\u00e9st elmagyar\u00e1zott, \u00e9s ami a legfontosabb: semmit nem \u00e9reztem a kezel\u00e9sb\u0151l. A doktorn\u0151 a csal\u00e1dunk fogorvosa is. Szak\u00e9rtelm\u00e9vel \u00e9s kedvess\u00e9g\u00e9vel a gyerekeink is sz\u00edvesen j\u00e1rnak hozz\u00e1 rendszeres fog\u00e1szati ellen\u0151rz\u00e9sre, mivel szeretn\u00e9nk, hogy fogaik hossz\u00fa t\u00e1von is eg\u00e9szs\u00e9gesek maradjanak \u00e9s mindezt ingyenesen, mert a doktorn\u0151 dolgozik a CAS-val.<\/p>\t\t\t\t\r\n\t\t\t\t<\/div>\t<\/div>\n","protected":false},"excerpt":{"rendered":"","protected":false},"author":1,"featured_media":0,"parent":0,"menu_order":0,"comment_status":"closed","ping_status":"closed","template":"template-parts\/template-full-width.php","meta":{"_joinchat":[],"footnotes":""},"class_list":["post-2087","page","type-page","status-publish","hentry"],"yoast_head":"<!-- This site is optimized with the Yoast SEO plugin v27.3 - https:\/\/yoast.com\/product\/yoast-seo-wordpress\/ -->\n<title>Recenzii - Dentyst<\/title>\n<meta name=\"robots\" content=\"index, follow, max-snippet:-1, max-image-preview:large, max-video-preview:-1\" \/>\n<link rel=\"canonical\" href=\"https:\/\/dentyst.ro\/ro\/recenzii\/\" \/>\n<meta property=\"og:locale\" content=\"ro_RO\" \/>\n<meta property=\"og:type\" content=\"article\" \/>\n<meta property=\"og:title\" content=\"Recenzii - Dentyst\" \/>\n<meta property=\"og:url\" content=\"https:\/\/dentyst.ro\/ro\/recenzii\/\" \/>\n<meta property=\"og:site_name\" content=\"Dentyst\" \/>\n<meta property=\"article:modified_time\" content=\"2026-01-20T12:48:14+00:00\" \/>\n<meta property=\"og:image\" content=\"https:\/\/dentyst.ro\/wp-content\/uploads\/2024\/06\/LogoCS-e1719480724386.png\" \/>\n\t<meta property=\"og:image:width\" content=\"500\" \/>\n\t<meta property=\"og:image:height\" content=\"266\" \/>\n\t<meta property=\"og:image:type\" content=\"image\/png\" \/>\n<meta name=\"twitter:card\" content=\"summary_large_image\" \/>\n<meta name=\"twitter:label1\" content=\"Timp estimat pentru citire\" \/>\n\t<meta name=\"twitter:data1\" content=\"1 minut\" \/>\n<script type=\"application\/ld+json\" class=\"yoast-schema-graph\">{\"@context\":\"https:\\\/\\\/schema.org\",\"@graph\":[{\"@type\":\"WebPage\",\"@id\":\"https:\\\/\\\/dentyst.ro\\\/ro\\\/recenzii\\\/\",\"url\":\"https:\\\/\\\/dentyst.ro\\\/ro\\\/recenzii\\\/\",\"name\":\"Recenzii - Dentyst\",\"isPartOf\":{\"@id\":\"https:\\\/\\\/dentyst.ro\\\/#website\"},\"datePublished\":\"2019-06-14T04:56:10+00:00\",\"dateModified\":\"2026-01-20T12:48:14+00:00\",\"breadcrumb\":{\"@id\":\"https:\\\/\\\/dentyst.ro\\\/ro\\\/recenzii\\\/#breadcrumb\"},\"inLanguage\":\"ro-RO\",\"potentialAction\":[{\"@type\":\"ReadAction\",\"target\":[\"https:\\\/\\\/dentyst.ro\\\/ro\\\/recenzii\\\/\"]}]},{\"@type\":\"BreadcrumbList\",\"@id\":\"https:\\\/\\\/dentyst.ro\\\/ro\\\/recenzii\\\/#breadcrumb\",\"itemListElement\":[{\"@type\":\"ListItem\",\"position\":1,\"name\":\"Home\",\"item\":\"https:\\\/\\\/dentyst.ro\\\/\"},{\"@type\":\"ListItem\",\"position\":2,\"name\":\"Recenzii\"}]},{\"@type\":\"WebSite\",\"@id\":\"https:\\\/\\\/dentyst.ro\\\/#website\",\"url\":\"https:\\\/\\\/dentyst.ro\\\/\",\"name\":\"Dentyst\",\"description\":\"Dr. N\u00e9meti Orsolya Edina medic dentist \\\/ fogorvos\",\"publisher\":{\"@id\":\"https:\\\/\\\/dentyst.ro\\\/#\\\/schema\\\/person\\\/f10533aeda451cbc6f6545f66890f6ee\"},\"potentialAction\":[{\"@type\":\"SearchAction\",\"target\":{\"@type\":\"EntryPoint\",\"urlTemplate\":\"https:\\\/\\\/dentyst.ro\\\/?s={search_term_string}\"},\"query-input\":{\"@type\":\"PropertyValueSpecification\",\"valueRequired\":true,\"valueName\":\"search_term_string\"}}],\"inLanguage\":\"ro-RO\"},{\"@type\":[\"Person\",\"Organization\"],\"@id\":\"https:\\\/\\\/dentyst.ro\\\/#\\\/schema\\\/person\\\/f10533aeda451cbc6f6545f66890f6ee\",\"name\":\"Dr Nemeti Orsolya Edina\",\"image\":{\"@type\":\"ImageObject\",\"inLanguage\":\"ro-RO\",\"@id\":\"https:\\\/\\\/dentyst.ro\\\/wp-content\\\/uploads\\\/2025\\\/11\\\/Dr.-Nemeti_Orsolya_medic_dentist.png\",\"url\":\"https:\\\/\\\/dentyst.ro\\\/wp-content\\\/uploads\\\/2025\\\/11\\\/Dr.-Nemeti_Orsolya_medic_dentist.png\",\"contentUrl\":\"https:\\\/\\\/dentyst.ro\\\/wp-content\\\/uploads\\\/2025\\\/11\\\/Dr.-Nemeti_Orsolya_medic_dentist.png\",\"width\":349,\"height\":504,\"caption\":\"Dr Nemeti Orsolya Edina\"},\"logo\":{\"@id\":\"https:\\\/\\\/dentyst.ro\\\/wp-content\\\/uploads\\\/2025\\\/11\\\/Dr.-Nemeti_Orsolya_medic_dentist.png\"}}]}<\/script>\n<!-- \/ Yoast SEO plugin. -->","yoast_head_json":{"title":"Recenzii - Dentyst","robots":{"index":"index","follow":"follow","max-snippet":"max-snippet:-1","max-image-preview":"max-image-preview:large","max-video-preview":"max-video-preview:-1"},"canonical":"https:\/\/dentyst.ro\/ro\/recenzii\/","og_locale":"ro_RO","og_type":"article","og_title":"Recenzii - Dentyst","og_url":"https:\/\/dentyst.ro\/ro\/recenzii\/","og_site_name":"Dentyst","article_modified_time":"2026-01-20T12:48:14+00:00","og_image":[{"width":500,"height":266,"url":"https:\/\/dentyst.ro\/wp-content\/uploads\/2024\/06\/LogoCS-e1719480724386.png","type":"image\/png"}],"twitter_card":"summary_large_image","twitter_misc":{"Timp estimat pentru citire":"1 minut"},"schema":{"@context":"https:\/\/schema.org","@graph":[{"@type":"WebPage","@id":"https:\/\/dentyst.ro\/ro\/recenzii\/","url":"https:\/\/dentyst.ro\/ro\/recenzii\/","name":"Recenzii - Dentyst","isPartOf":{"@id":"https:\/\/dentyst.ro\/#website"},"datePublished":"2019-06-14T04:56:10+00:00","dateModified":"2026-01-20T12:48:14+00:00","breadcrumb":{"@id":"https:\/\/dentyst.ro\/ro\/recenzii\/#breadcrumb"},"inLanguage":"ro-RO","potentialAction":[{"@type":"ReadAction","target":["https:\/\/dentyst.ro\/ro\/recenzii\/"]}]},{"@type":"BreadcrumbList","@id":"https:\/\/dentyst.ro\/ro\/recenzii\/#breadcrumb","itemListElement":[{"@type":"ListItem","position":1,"name":"Home","item":"https:\/\/dentyst.ro\/"},{"@type":"ListItem","position":2,"name":"Recenzii"}]},{"@type":"WebSite","@id":"https:\/\/dentyst.ro\/#website","url":"https:\/\/dentyst.ro\/","name":"Dentyst","description":"Dr. N\u00e9meti Orsolya Edina medic dentist \/ fogorvos","publisher":{"@id":"https:\/\/dentyst.ro\/#\/schema\/person\/f10533aeda451cbc6f6545f66890f6ee"},"potentialAction":[{"@type":"SearchAction","target":{"@type":"EntryPoint","urlTemplate":"https:\/\/dentyst.ro\/?s={search_term_string}"},"query-input":{"@type":"PropertyValueSpecification","valueRequired":true,"valueName":"search_term_string"}}],"inLanguage":"ro-RO"},{"@type":["Person","Organization"],"@id":"https:\/\/dentyst.ro\/#\/schema\/person\/f10533aeda451cbc6f6545f66890f6ee","name":"Dr Nemeti Orsolya Edina","image":{"@type":"ImageObject","inLanguage":"ro-RO","@id":"https:\/\/dentyst.ro\/wp-content\/uploads\/2025\/11\/Dr.-Nemeti_Orsolya_medic_dentist.png","url":"https:\/\/dentyst.ro\/wp-content\/uploads\/2025\/11\/Dr.-Nemeti_Orsolya_medic_dentist.png","contentUrl":"https:\/\/dentyst.ro\/wp-content\/uploads\/2025\/11\/Dr.-Nemeti_Orsolya_medic_dentist.png","width":349,"height":504,"caption":"Dr Nemeti Orsolya Edina"},"logo":{"@id":"https:\/\/dentyst.ro\/wp-content\/uploads\/2025\/11\/Dr.-Nemeti_Orsolya_medic_dentist.png"}}]}},"_links":{"self":[{"href":"https:\/\/dentyst.ro\/ro\/wp-json\/wp\/v2\/pages\/2087","targetHints":{"allow":["GET"]}}],"collection":[{"href":"https:\/\/dentyst.ro\/ro\/wp-json\/wp\/v2\/pages"}],"about":[{"href":"https:\/\/dentyst.ro\/ro\/wp-json\/wp\/v2\/types\/page"}],"author":[{"embeddable":true,"href":"https:\/\/dentyst.ro\/ro\/wp-json\/wp\/v2\/users\/1"}],"replies":[{"embeddable":true,"href":"https:\/\/dentyst.ro\/ro\/wp-json\/wp\/v2\/comments?post=2087"}],"version-history":[{"count":2,"href":"https:\/\/dentyst.ro\/ro\/wp-json\/wp\/v2\/pages\/2087\/revisions"}],"predecessor-version":[{"id":2092,"href":"https:\/\/dentyst.ro\/ro\/wp-json\/wp\/v2\/pages\/2087\/revisions\/2092"}],"wp:attachment":[{"href":"https:\/\/dentyst.ro\/ro\/wp-json\/wp\/v2\/media?parent=2087"}],"curies":[{"name":"wp","href":"https:\/\/api.w.org\/{rel}","templated":true}]}}